{"id":673,"date":"2020-12-13T12:21:53","date_gmt":"2020-12-13T12:21:53","guid":{"rendered":"https:\/\/bergdorfhonig.de\/wordpress\/?page_id=673"},"modified":"2020-12-20T15:18:32","modified_gmt":"2020-12-20T15:18:32","slug":"imkerei","status":"publish","type":"page","link":"https:\/\/bergdorfhonig.de\/wordpress\/","title":{"rendered":"Imkerei"},"content":{"rendered":"\t\t<div data-elementor-type=\"wp-page\" data-elementor-id=\"673\" class=\"elementor elementor-673\">\n\t\t\t\t\t\t\t\t\t<section class=\"elementor-section elementor-top-section elementor-element elementor-element-380d47df elementor-section-boxed elementor-section-height-default elementor-section-height-default\" data-id=\"380d47df\" data-element_type=\"section\">\n\t\t\t\t\t\t<div class=\"elementor-container elementor-column-gap-default\">\n\t\t\t\t\t<div class=\"elementor-column elementor-col-100 elementor-top-column elementor-element elementor-element-37ef3b7b\" data-id=\"37ef3b7b\" data-element_type=\"column\">\n\t\t\t<div class=\"elementor-widget-wrap elementor-element-populated\">\n\t\t\t\t\t\t\t\t<div class=\"elementor-element elementor-element-577c1f2e elementor-widget elementor-widget-text-editor\" data-id=\"577c1f2e\" data-element_type=\"widget\" data-widget_type=\"text-editor.default\">\n\t\t\t\t<div class=\"elementor-widget-container\">\n\t\t\t\t\t\t\t<p style=\"text-align: left;\">Das Wunder der Bienen faszinierte mich und so fing ich im Jahr 2004 mit Hilfe des Imkervereins mit 2 Bienenv\u00f6lker an!<\/p>\r\n<p style=\"text-align: left;\">Die Faszination der Bienen l\u00e4sst mich seit dem nicht mehr los und so entwickelte sich die Imkerei zu 20 V\u00f6lker!<\/p>\r\n<p style=\"text-align: left;\">F\u00fcr mich ist es jedes Fr\u00fchjahr beeindruckend, wenn sie aus der Winterruhe erwachen und sich bis zum Sommer so stark entwickeln dass sie bei guter Tracht Kiloweise Honig sammeln!<\/p>\r\nMeine Buckfastk\u00f6niginnen f\u00fchlen sich in Dadantmagazinen nach Bruder Adam am besten zuhause!\r\n\r\nAuf 2 Standorte habe ich die Bienenv\u00f6lker verteilt!\r\n\r\nIn Herbolzheim sammeln sie leckeren Bl\u00fctenhonig!\r\n\r\nWenn im Fr\u00fchsommer bei uns in Schweighausen der Wald honigt sammeln sie Fichte und Wei\u00dftanne!\r\n\r\nIn manchen Jahren gibt es sogar den seltenen L\u00f6wenzahnhonig!\r\n\r\nDen Honig gibt es direkt bei uns oder im Dorfladen Schweighausen zu kaufen!\t\t\t\t\t\t<\/div>\n\t\t\t\t<\/div>\n\t\t\t\t\t<\/div>\n\t\t<\/div>\n\t\t\t\t\t\t\t<\/div>\n\t\t<\/section>\n\t\t\t\t\t\t\t<\/div>\n\t\t","protected":false},"excerpt":{"rendered":"<p>Das Wunder der Bienen faszinierte mich und so fing ich im Jahr 2004 mit Hilfe des Imkervereins mit 2 Bienenv\u00f6lker an! Die Faszination der Bienen l\u00e4sst mich seit dem nicht mehr los und so entwickelte sich die Imkerei zu 20 V\u00f6lker! F\u00fcr mich ist es jedes Fr\u00fchjahr beeindruckend, wenn sie aus der Winterruhe erwachen und<\/p>\n<div class=\"more-link\">\n\t\t\t\t <a href=\"https:\/\/bergdorfhonig.de\/wordpress\/\" class=\"btn theme-btn inverted\"><span>Mehr erfahren <\/span><\/a>\n\t\t\t<\/div>\n","protected":false},"author":2,"featured_media":0,"parent":0,"menu_order":0,"comment_status":"closed","ping_status":"closed","template":"","meta":{"footnotes":""},"_links":{"self":[{"href":"https:\/\/bergdorfhonig.de\/wordpress\/wp-json\/wp\/v2\/pages\/673"}],"collection":[{"href":"https:\/\/bergdorfhonig.de\/wordpress\/wp-json\/wp\/v2\/pages"}],"about":[{"href":"https:\/\/bergdorfhonig.de\/wordpress\/wp-json\/wp\/v2\/types\/page"}],"author":[{"embeddable":true,"href":"https:\/\/bergdorfhonig.de\/wordpress\/wp-json\/wp\/v2\/users\/2"}],"replies":[{"embeddable":true,"href":"https:\/\/bergdorfhonig.de\/wordpress\/wp-json\/wp\/v2\/comments?post=673"}],"version-history":[{"count":6,"href":"https:\/\/bergdorfhonig.de\/wordpress\/wp-json\/wp\/v2\/pages\/673\/revisions"}],"predecessor-version":[{"id":755,"href":"https:\/\/bergdorfhonig.de\/wordpress\/wp-json\/wp\/v2\/pages\/673\/revisions\/755"}],"wp:attachment":[{"href":"https:\/\/bergdorfhonig.de\/wordpress\/wp-json\/wp\/v2\/media?parent=673"}],"curies":[{"name":"wp","href":"https:\/\/api.w.org\/{rel}","templated":true}]}}